{"id":966,"date":"2020-09-28T17:05:50","date_gmt":"2020-09-28T23:05:50","guid":{"rendered":"https:\/\/mendavia.co\/?page_id=966"},"modified":"2022-02-18T10:17:56","modified_gmt":"2022-02-18T16:17:56","slug":"espumosos","status":"publish","type":"page","link":"https:\/\/mendavia.co\/en\/espumosos\/","title":{"rendered":"Sparkling Beverages"},"content":{"rendered":"<div id=\"pl-966\"  class=\"panel-layout\" ><div id=\"pg-966-0\"  class=\"panel-grid panel-no-style\" ><div id=\"pgc-966-0-0\"  class=\"panel-grid-cell\" ><div id=\"panel-966-0-0-0\" class=\"so-panel widget widget_themegrill_flash_heading tg-widget section-title-wrapper panel-first-child panel-last-child\" data-index=\"0\" >\t<h3 class=\"section-title\">Our Brands<\/h3>\n<\/div><\/div><\/div><div id=\"pg-966-1\"  class=\"panel-grid panel-no-style\" ><div id=\"pgc-966-1-0\"  class=\"panel-grid-cell panel-grid-cell-empty\" ><\/div><\/div><div id=\"pg-966-2\"  class=\"panel-grid panel-no-style\" ><div id=\"pgc-966-2-0\"  class=\"panel-grid-cell\" ><div id=\"panel-966-2-0-0\" class=\"so-panel widget widget_themegrill_flash_image tg-widget tg-image-widget panel-first-child panel-last-child\" data-index=\"1\" >\t<a href=\"https:\/\/mendavia.co\/en\/espumosos\/sidral\/\"><img data-recalc-dims=\"1\" decoding=\"async\" src=\"https:\/\/i0.wp.com\/mendavia.co\/wp-content\/uploads\/2022\/01\/Sidral-sin-alcohol-e1645198018582.png?w=780&#038;ssl=1\" \/><\/a>\n<\/div><\/div><div id=\"pgc-966-2-1\"  class=\"panel-grid-cell\" ><div id=\"panel-966-2-1-0\" class=\"so-panel widget widget_text panel-first-child panel-last-child\" data-index=\"2\" ><div class=\"flash_inherit_color panel-widget-style panel-widget-style-for-966-2-1-0\" >\t\t\t<div class=\"textwidget\"><p><span style=\"font-size: 12pt;\"><br \/>\nGreat option for celebrations, young people parties, weddings and year end celebrations.<br \/>\n<span style=\"font-size: 12pt;\"><br \/>\nCider\u00a0<strong> with no alcohol,<\/strong> a product developed for the people that don't drink alcohol due to health or religion.<br \/>\n<span style=\"font-size: 12pt;\"><br \/>\nWe have four flavors: Traditional Apple, Pink Apple, Peach and Grape.<\/span><\/span><\/span><\/p>\n<p>&nbsp;<\/p>\n<\/div>\n\t\t<\/div><\/div><\/div><div id=\"pgc-966-2-2\"  class=\"panel-grid-cell\" ><div id=\"panel-966-2-2-0\" class=\"so-panel widget widget_themegrill_flash_image tg-widget tg-image-widget panel-first-child panel-last-child\" data-index=\"3\" >\t<a href=\"https:\/\/mendavia.co\/en\/espumosos\/sidral\/\"><img data-recalc-dims=\"1\" decoding=\"async\" src=\"https:\/\/i0.wp.com\/mendavia.co\/wp-content\/uploads\/2020\/09\/POSTER.jpg?w=780&#038;ssl=1\" \/><\/a>\n<\/div><\/div><\/div><div id=\"pg-966-3\"  class=\"panel-grid panel-no-style\" ><div id=\"pgc-966-3-0\"  class=\"panel-grid-cell\" ><div id=\"panel-966-3-0-0\" class=\"so-panel widget widget_themegrill_flash_image tg-widget tg-image-widget panel-first-child panel-last-child\" data-index=\"4\" >\t<img data-recalc-dims=\"1\" decoding=\"async\" src=\"https:\/\/i0.wp.com\/mendavia.co\/wp-content\/uploads\/2022\/02\/jdasturias-artwork-e1645198702181.jpg?w=780&#038;ssl=1\" \/>\n<\/div><\/div><div id=\"pgc-966-3-1\"  class=\"panel-grid-cell\" ><div id=\"panel-966-3-1-0\" class=\"so-panel widget widget_text panel-first-child panel-last-child\" data-index=\"5\" ><div class=\"flash_inherit_color panel-widget-style panel-widget-style-for-966-3-1-0\" >\t\t\t<div class=\"textwidget\"><p><span style=\"font-size: 12pt;\"><br \/>\nAvailable in Guatemala's homes since 1960.<br \/>\n<span style=\"font-size: 12pt;\"><br \/>\nSemi sweet Hard Cider, with 10\u00b0 G.L.  Alcohol content. Adapted to fit the taste profile desidered by region's consumers and an excelent presentation. Achieved by the combination of local and imported materials.<\/span><\/span><\/p>\n<\/div>\n\t\t<\/div><\/div><\/div><div id=\"pgc-966-3-2\"  class=\"panel-grid-cell\" ><div id=\"panel-966-3-2-0\" class=\"so-panel widget widget_themegrill_flash_image tg-widget tg-image-widget panel-first-child panel-last-child\" data-index=\"6\" >\t<img data-recalc-dims=\"1\" decoding=\"async\" src=\"https:\/\/i0.wp.com\/mendavia.co\/wp-content\/uploads\/2022\/02\/2-sabores-1x1-1.png?w=780&#038;ssl=1\" \/>\n<\/div><\/div><\/div><\/div>","protected":false},"excerpt":{"rendered":"<p>Nuestras Marcas Excelente opci\u00f3n para celebraciones, fiestas j\u00f3venes, bodas y eventos de fin de a\u00f1o. Sidras\u00a0 Sin Alcohol, producto pensado [&hellip;]<\/p>\n","protected":false},"author":2,"featured_media":0,"parent":0,"menu_order":0,"comment_status":"closed","ping_status":"closed","template":"","meta":{"nf_dc_page":"","_coblocks_attr":"","_coblocks_dimensions":"","_coblocks_responsive_height":"","_coblocks_accordion_ie_support":"","_monsterinsights_skip_tracking":false,"_monsterinsights_sitenote_active":false,"_monsterinsights_sitenote_note":"","_monsterinsights_sitenote_category":0,"footnotes":""},"class_list":["post-966","page","type-page","status-publish","hentry"],"jetpack_sharing_enabled":true,"jetpack_shortlink":"https:\/\/wp.me\/PbiKLP-fA","_links":{"self":[{"href":"https:\/\/mendavia.co\/en\/wp-json\/wp\/v2\/pages\/966","targetHints":{"allow":["GET"]}}],"collection":[{"href":"https:\/\/mendavia.co\/en\/wp-json\/wp\/v2\/pages"}],"about":[{"href":"https:\/\/mendavia.co\/en\/wp-json\/wp\/v2\/types\/page"}],"author":[{"embeddable":true,"href":"https:\/\/mendavia.co\/en\/wp-json\/wp\/v2\/users\/2"}],"replies":[{"embeddable":true,"href":"https:\/\/mendavia.co\/en\/wp-json\/wp\/v2\/comments?post=966"}],"version-history":[{"count":6,"href":"https:\/\/mendavia.co\/en\/wp-json\/wp\/v2\/pages\/966\/revisions"}],"predecessor-version":[{"id":1227,"href":"https:\/\/mendavia.co\/en\/wp-json\/wp\/v2\/pages\/966\/revisions\/1227"}],"wp:attachment":[{"href":"https:\/\/mendavia.co\/en\/wp-json\/wp\/v2\/media?parent=966"}],"curies":[{"name":"wp","href":"https:\/\/api.w.org\/{rel}","templated":true}]}}