{"id":260,"date":"2017-02-20T10:36:22","date_gmt":"2017-02-20T10:36:22","guid":{"rendered":"https:\/\/demo.themegrill.com\/flash\/?page_id=260"},"modified":"2022-02-23T10:32:09","modified_gmt":"2022-02-23T16:32:09","slug":"vinos","status":"publish","type":"page","link":"https:\/\/mendavia.co\/en\/vinos\/","title":{"rendered":"Wines"},"content":{"rendered":"<div id=\"pl-260\"  class=\"panel-layout\" ><div id=\"pg-260-0\"  class=\"panel-grid panel-no-style\" ><div id=\"pgc-260-0-0\"  class=\"panel-grid-cell\" ><div id=\"panel-260-0-0-0\" class=\"so-panel widget widget_themegrill_flash_image tg-widget tg-image-widget panel-first-child panel-last-child\" data-index=\"0\" ><div class=\"panel-widget-style panel-widget-style-for-260-0-0-0\" >\t<img decoding=\"async\" src=\"\" \/>\n<\/div><\/div><\/div><\/div><div id=\"pg-260-1\"  class=\"panel-grid panel-has-style\" ><div class=\"panel-row-style panel-row-style-for-260-1\" ><div id=\"pgc-260-1-0\"  class=\"panel-grid-cell\" ><div id=\"panel-260-1-0-0\" class=\"so-panel widget widget_text panel-first-child panel-last-child\" data-index=\"1\" ><div class=\"flash_inherit_color panel-widget-style panel-widget-style-for-260-1-0-0\" >\t\t\t<div class=\"textwidget\"><p><span style=\"font-size: large;\"><br \/>\n<strong>Our products have been in Guatemala market for more than 80 years.<\/strong><\/span><br \/>\n<span style=\"font-size: large;\"><br \/>\n<strong>Their soft flavor and aromatic profile make our wines the perfect ingredient for cooking recipes.<\/strong><\/span><br \/>\n<span style=\"font-size: large;\"><br \/>\n<strong>Al wines are aged with oak, which adds a caracteristic flavour in the final plate.<\/strong><\/span><\/p>\n<\/div>\n\t\t<\/div><\/div><\/div><div id=\"pgc-260-1-1\"  class=\"panel-grid-cell\" ><div id=\"panel-260-1-1-0\" class=\"so-panel widget widget_themegrill_flash_image tg-widget tg-image-widget panel-first-child panel-last-child\" data-index=\"2\" ><div class=\"panel-widget-style panel-widget-style-for-260-1-1-0\" >\t<img data-recalc-dims=\"1\" decoding=\"async\" src=\"https:\/\/i0.wp.com\/mendavia.co\/wp-content\/uploads\/2020\/09\/shutterstock_354671924-scaled-e1601326139564.jpg?w=780&#038;ssl=1\" \/>\n<\/div><\/div><\/div><\/div><\/div><div id=\"pg-260-2\"  class=\"panel-grid panel-no-style\" ><div id=\"pgc-260-2-0\"  class=\"panel-grid-cell\" ><div id=\"panel-260-2-0-0\" class=\"so-panel widget widget_themegrill_flash_heading tg-widget section-title-wrapper panel-first-child panel-last-child\" data-index=\"3\" >\t<h3 class=\"section-title\">Our Brands<\/h3>\n<\/div><\/div><\/div><div id=\"pg-260-3\"  class=\"panel-grid panel-has-style\" ><div class=\"siteorigin-panels-stretch panel-row-style panel-row-style-for-260-3\" data-stretch-type=\"full\" ><div id=\"pgc-260-3-0\"  class=\"panel-grid-cell\" ><div id=\"panel-260-3-0-0\" class=\"so-panel widget widget_themegrill_flash_image tg-widget tg-image-widget panel-first-child panel-last-child\" data-index=\"4\" ><div class=\"panel-widget-style panel-widget-style-for-260-3-0-0\" >\t<img data-recalc-dims=\"1\" decoding=\"async\" src=\"https:\/\/i0.wp.com\/mendavia.co\/wp-content\/uploads\/2020\/09\/Marfil-Vino-Blanco.jpg?w=780&#038;ssl=1\" \/>\n<\/div><\/div><\/div><div id=\"pgc-260-3-1\"  class=\"panel-grid-cell\" ><div id=\"panel-260-3-1-0\" class=\"so-panel widget widget_text panel-first-child panel-last-child\" data-index=\"5\" >\t\t\t<div class=\"textwidget\"><p>&nbsp;<\/p>\n<p>&nbsp;<\/p>\n<p>semi sweet white wine, our top selling brand for more than 80 years in cooking recipes.<\/p>\n<\/div>\n\t\t<\/div><\/div><div id=\"pgc-260-3-2\"  class=\"panel-grid-cell\" ><div id=\"panel-260-3-2-0\" class=\"so-panel widget widget_themegrill_flash_image tg-widget tg-image-widget panel-first-child panel-last-child\" data-index=\"6\" ><div class=\"panel-widget-style panel-widget-style-for-260-3-2-0\" >\t<img data-recalc-dims=\"1\" decoding=\"async\" src=\"https:\/\/i0.wp.com\/mendavia.co\/wp-content\/uploads\/2022\/02\/Marfil-Blanco-1.jpg?w=780&#038;ssl=1\" \/>\n<\/div><\/div><\/div><\/div><\/div><div id=\"pg-260-4\"  class=\"panel-grid panel-has-style\" ><div class=\"siteorigin-panels-stretch panel-row-style panel-row-style-for-260-4\" data-stretch-type=\"full\" ><div id=\"pgc-260-4-0\"  class=\"panel-grid-cell\" ><div id=\"panel-260-4-0-0\" class=\"so-panel widget widget_themegrill_flash_image tg-widget tg-image-widget panel-first-child panel-last-child\" data-index=\"7\" >\t<img data-recalc-dims=\"1\" decoding=\"async\" src=\"https:\/\/i0.wp.com\/mendavia.co\/wp-content\/uploads\/2020\/09\/Marfil-Vino-Jerez-Seco-e1601317912698.jpg?w=780&#038;ssl=1\" \/>\n<\/div><\/div><div id=\"pgc-260-4-1\"  class=\"panel-grid-cell\" ><div id=\"panel-260-4-1-0\" class=\"so-panel widget widget_text panel-first-child panel-last-child\" data-index=\"8\" >\t\t\t<div class=\"textwidget\"><p>&nbsp;<\/p>\n<p>&nbsp;<\/p>\n<p>Dry White wine, developed for the consumer that prefer a dry wine for drinking and cooking recipes.<\/p>\n<\/div>\n\t\t<\/div><\/div><div id=\"pgc-260-4-2\"  class=\"panel-grid-cell\" ><div id=\"panel-260-4-2-0\" class=\"so-panel widget widget_themegrill_flash_image tg-widget tg-image-widget panel-first-child panel-last-child\" data-index=\"9\" ><div class=\"panel-widget-style panel-widget-style-for-260-4-2-0\" >\t<img data-recalc-dims=\"1\" decoding=\"async\" src=\"https:\/\/i0.wp.com\/mendavia.co\/wp-content\/uploads\/2022\/02\/Marfil-Blanco-1.jpg?w=780&#038;ssl=1\" \/>\n<\/div><\/div><\/div><\/div><\/div><div id=\"pg-260-5\"  class=\"panel-grid panel-has-style\" ><div class=\"siteorigin-panels-stretch panel-row-style panel-row-style-for-260-5\" data-stretch-type=\"full\" ><div id=\"pgc-260-5-0\"  class=\"panel-grid-cell\" ><div id=\"panel-260-5-0-0\" class=\"so-panel widget widget_themegrill_flash_image tg-widget tg-image-widget panel-first-child panel-last-child\" data-index=\"10\" >\t<img data-recalc-dims=\"1\" decoding=\"async\" src=\"https:\/\/i0.wp.com\/mendavia.co\/wp-content\/uploads\/2020\/09\/Marfil-Vino-Tinto-Dulce.jpg?w=780&#038;ssl=1\" \/>\n<\/div><\/div><div id=\"pgc-260-5-1\"  class=\"panel-grid-cell\" ><div id=\"panel-260-5-1-0\" class=\"so-panel widget widget_text panel-first-child panel-last-child\" data-index=\"11\" >\t\t\t<div class=\"textwidget\"><p>&nbsp;<\/p>\n<p>&nbsp;<\/p>\n<p>Sweet red wine, to be used in red sauces, meat or other cooking recipes.<\/p>\n<\/div>\n\t\t<\/div><\/div><div id=\"pgc-260-5-2\"  class=\"panel-grid-cell\" ><div id=\"panel-260-5-2-0\" class=\"so-panel widget widget_themegrill_flash_image tg-widget tg-image-widget panel-first-child panel-last-child\" data-index=\"12\" ><div class=\"panel-widget-style panel-widget-style-for-260-5-2-0\" >\t<img data-recalc-dims=\"1\" decoding=\"async\" src=\"https:\/\/i0.wp.com\/mendavia.co\/wp-content\/uploads\/2022\/02\/Marfil-Tinto.jpg?w=780&#038;ssl=1\" \/>\n<\/div><\/div><\/div><\/div><\/div><div id=\"pg-260-6\"  class=\"panel-grid panel-has-style\" ><div class=\"siteorigin-panels-stretch panel-row-style panel-row-style-for-260-6\" data-stretch-type=\"full\" ><div id=\"pgc-260-6-0\"  class=\"panel-grid-cell\" ><div id=\"panel-260-6-0-0\" class=\"so-panel widget widget_themegrill_flash_image tg-widget tg-image-widget panel-first-child panel-last-child\" data-index=\"13\" ><div class=\"panel-widget-style panel-widget-style-for-260-6-0-0\" >\t<img data-recalc-dims=\"1\" decoding=\"async\" src=\"https:\/\/i0.wp.com\/mendavia.co\/wp-content\/uploads\/2020\/09\/Etiq.-Vino-El-Campeon-Botella-750ml-v03-01-e1601318031851.jpg?w=780&#038;ssl=1\" \/>\n<\/div><\/div><\/div><div id=\"pgc-260-6-1\"  class=\"panel-grid-cell\" ><div id=\"panel-260-6-1-0\" class=\"so-panel widget widget_text panel-first-child panel-last-child\" data-index=\"14\" >\t\t\t<div class=\"textwidget\"><p>&nbsp;<\/p>\n<p>&nbsp;<\/p>\n<p>Semi sweet red wine, intense and flavourful, used by consumers for cooking bittersweet recipes or dark sauces.<\/p>\n<\/div>\n\t\t<\/div><\/div><div id=\"pgc-260-6-2\"  class=\"panel-grid-cell\" ><div id=\"panel-260-6-2-0\" class=\"so-panel widget widget_themegrill_flash_image tg-widget tg-image-widget panel-first-child panel-last-child\" data-index=\"15\" ><div class=\"panel-widget-style panel-widget-style-for-260-6-2-0\" >\t<img data-recalc-dims=\"1\" decoding=\"async\" src=\"https:\/\/i0.wp.com\/mendavia.co\/wp-content\/uploads\/2022\/02\/20210620_170502.jpg?w=780&#038;ssl=1\" \/>\n<\/div><\/div><\/div><\/div><\/div><div id=\"pg-260-7\"  class=\"panel-grid panel-has-style\" ><div class=\"siteorigin-panels-stretch panel-row-style panel-row-style-for-260-7\" data-stretch-type=\"full\" ><div id=\"pgc-260-7-0\"  class=\"panel-grid-cell\" ><div id=\"panel-260-7-0-0\" class=\"so-panel widget widget_themegrill_flash_image tg-widget tg-image-widget panel-first-child panel-last-child\" data-index=\"16\" >\t<img data-recalc-dims=\"1\" decoding=\"async\" src=\"https:\/\/i0.wp.com\/mendavia.co\/wp-content\/uploads\/2022\/02\/Logo-Royal.png?w=780&#038;ssl=1\" \/>\n<\/div><\/div><div id=\"pgc-260-7-1\"  class=\"panel-grid-cell\" ><div id=\"panel-260-7-1-0\" class=\"so-panel widget widget_text panel-first-child panel-last-child\" data-index=\"17\" >\t\t\t<div class=\"textwidget\"><p>&nbsp;<\/p>\n<p>&nbsp;<\/p>\n<p>Jerez Dulce, elaborado de mosto tinto de uva y de materias arom\u00e1ticas importadas, y de sabor dulce perfectamente balanceado. Usado como ingrediente de cocina, adem\u00e1s de ser utilizado en celebraciones religiosas.<\/p>\n<\/div>\n\t\t<\/div><\/div><div id=\"pgc-260-7-2\"  class=\"panel-grid-cell\" ><div id=\"panel-260-7-2-0\" class=\"so-panel widget widget_themegrill_flash_image tg-widget tg-image-widget panel-first-child panel-last-child\" data-index=\"18\" ><div class=\"panel-widget-style panel-widget-style-for-260-7-2-0\" >\t<img data-recalc-dims=\"1\" decoding=\"async\" src=\"https:\/\/i0.wp.com\/mendavia.co\/wp-content\/uploads\/2022\/02\/Imagen-Botella.png?w=780&#038;ssl=1\" \/>\n<\/div><\/div><\/div><\/div><\/div><div id=\"pg-260-8\"  class=\"panel-grid panel-no-style\" ><div id=\"pgc-260-8-0\"  class=\"panel-grid-cell panel-grid-cell-empty\" ><\/div><div id=\"pgc-260-8-1\"  class=\"panel-grid-cell panel-grid-cell-empty panel-grid-cell-mobile-last\" ><\/div><div id=\"pgc-260-8-2\"  class=\"panel-grid-cell panel-grid-cell-empty\" ><\/div><\/div><div id=\"pg-260-9\"  class=\"panel-grid panel-no-style\" ><div id=\"pgc-260-9-0\"  class=\"panel-grid-cell panel-grid-cell-empty\" ><\/div><div id=\"pgc-260-9-1\"  class=\"panel-grid-cell panel-grid-cell-empty panel-grid-cell-mobile-last\" ><\/div><div id=\"pgc-260-9-2\"  class=\"panel-grid-cell panel-grid-cell-empty\" ><\/div><\/div><div id=\"pg-260-10\"  class=\"panel-grid panel-no-style\" ><div id=\"pgc-260-10-0\"  class=\"panel-grid-cell panel-grid-cell-empty\" ><\/div><div id=\"pgc-260-10-1\"  class=\"panel-grid-cell panel-grid-cell-empty\" ><\/div><div id=\"pgc-260-10-2\"  class=\"panel-grid-cell panel-grid-cell-empty panel-grid-cell-mobile-last\" ><\/div><div id=\"pgc-260-10-3\"  class=\"panel-grid-cell panel-grid-cell-empty\" ><\/div><\/div><\/div>","protected":false},"excerpt":{"rendered":"<p>Nuestros productos han estado presentes por m\u00e1s de 80 a\u00f1os en los hogares guatemaltecos Su suave sabor y perfil arom\u00e1tico [&hellip;]<\/p>\n","protected":false},"author":2,"featured_media":0,"parent":0,"menu_order":0,"comment_status":"closed","ping_status":"closed","template":"page-templates\/full-width.php","meta":{"nf_dc_page":"","_coblocks_attr":"","_coblocks_dimensions":"","_coblocks_responsive_height":"","_coblocks_accordion_ie_support":"","_monsterinsights_skip_tracking":false,"_monsterinsights_sitenote_active":false,"_monsterinsights_sitenote_note":"","_monsterinsights_sitenote_category":0,"footnotes":""},"class_list":["post-260","page","type-page","status-publish","hentry"],"jetpack_sharing_enabled":true,"jetpack_shortlink":"https:\/\/wp.me\/PbiKLP-4c","_links":{"self":[{"href":"https:\/\/mendavia.co\/en\/wp-json\/wp\/v2\/pages\/260","targetHints":{"allow":["GET"]}}],"collection":[{"href":"https:\/\/mendavia.co\/en\/wp-json\/wp\/v2\/pages"}],"about":[{"href":"https:\/\/mendavia.co\/en\/wp-json\/wp\/v2\/types\/page"}],"author":[{"embeddable":true,"href":"https:\/\/mendavia.co\/en\/wp-json\/wp\/v2\/users\/2"}],"replies":[{"embeddable":true,"href":"https:\/\/mendavia.co\/en\/wp-json\/wp\/v2\/comments?post=260"}],"version-history":[{"count":6,"href":"https:\/\/mendavia.co\/en\/wp-json\/wp\/v2\/pages\/260\/revisions"}],"predecessor-version":[{"id":1233,"href":"https:\/\/mendavia.co\/en\/wp-json\/wp\/v2\/pages\/260\/revisions\/1233"}],"wp:attachment":[{"href":"https:\/\/mendavia.co\/en\/wp-json\/wp\/v2\/media?parent=260"}],"curies":[{"name":"wp","href":"https:\/\/api.w.org\/{rel}","templated":true}]}}